{"id":22,"date":"2024-10-18T11:05:53","date_gmt":"2024-10-18T09:05:53","guid":{"rendered":"https:\/\/cookandlift.provisoire.ch\/?page_id=22"},"modified":"2025-11-19T13:04:33","modified_gmt":"2025-11-19T12:04:33","slug":"contact","status":"publish","type":"page","link":"https:\/\/cookandlift.ch\/en\/contact\/","title":{"rendered":"contact"},"content":{"rendered":"<p>[et_pb_section fb_built=\u00a0\u00bb1&Prime; disabled_on=\u00a0\u00bboff|off|off\u00a0\u00bb admin_label=\u00a0\u00bbintro-desktop\u00a0\u00bb _builder_version=\u00a0\u00bb4.27.2&Prime; _module_preset=\u00a0\u00bbdefault\u00a0\u00bb background_enable_color=\u00a0\u00bboff\u00a0\u00bb background_enable_image=\u00a0\u00bboff\u00a0\u00bb parallax=\u00a0\u00bbon\u00a0\u00bb background_blend=\u00a0\u00bbmultiply\u00a0\u00bb custom_margin=\u00a0\u00bb0px||0px||false|false\u00a0\u00bb custom_padding=\u00a0\u00bb0px||0px||false|false\u00a0\u00bb global_colors_info=\u00a0\u00bb{}\u00a0\u00bb][et_pb_row column_structure=\u00a0\u00bb1_4,3_4&Prime; disabled_on=\u00a0\u00bbon|on|off\u00a0\u00bb _builder_version=\u00a0\u00bb4.27.2&Prime; _module_preset=\u00a0\u00bbdefault\u00a0\u00bb max_width=\u00a0\u00bb2560px\u00a0\u00bb custom_margin=\u00a0\u00bb0px||0px||false|false\u00a0\u00bb custom_padding=\u00a0\u00bb0px||0px||false|false\u00a0\u00bb locked=\u00a0\u00bboff\u00a0\u00bb global_colors_info=\u00a0\u00bb{}\u00a0\u00bb][et_pb_column type=\u00a0\u00bb1_4&Prime; disabled_on=\u00a0\u00bbon|on|off\u00a0\u00bb _builder_version=\u00a0\u00bb4.27.2&Prime; _module_preset=\u00a0\u00bbdefault\u00a0\u00bb global_colors_info=\u00a0\u00bb{}\u00a0\u00bb][et_pb_image src=\u00a0\u00bbhttps:\/\/cookandlift.ch\/wp-content\/uploads\/2024\/10\/Coaching.png\u00a0\u00bb alt=\u00a0\u00bbCoaching\u00a0\u00bb title_text=\u00a0\u00bbCoaching\u00a0\u00bb url=\u00a0\u00bb@ET-DC@eyJkeW5hbWljIjp0cnVlLCJjb250ZW50IjoiaG9tZV91cmwiLCJzZXR0aW5ncyI6e319@\u00a0\u00bb show_bottom_space=\u00a0\u00bboff\u00a0\u00bb _builder_version=\u00a0\u00bb4.27.2&Prime; _dynamic_attributes=\u00a0\u00bburl\u00a0\u00bb _module_preset=\u00a0\u00bbdefault\u00a0\u00bb width=\u00a0\u00bb90%\u00a0\u00bb module_alignment=\u00a0\u00bbleft\u00a0\u00bb custom_margin=\u00a0\u00bb20px||||false|false\u00a0\u00bb custom_padding=\u00a0\u00bb|||1vw|false|false\u00a0\u00bb global_colors_info=\u00a0\u00bb{}\u00a0\u00bb][\/et_pb_image][\/et_pb_column][et_pb_column type=\u00a0\u00bb3_4&Prime; _builder_version=\u00a0\u00bb4.27.2&Prime; _module_preset=\u00a0\u00bbdefault\u00a0\u00bb global_colors_info=\u00a0\u00bb{}\u00a0\u00bb][et_pb_menu active_link_color=\u00a0\u00bb#7CDA24&Prime; dropdown_menu_bg_color=\u00a0\u00bbrgba(0,0,0,0.06)\u00a0\u00bb dropdown_menu_line_color=\u00a0\u00bb#7CDA24&Prime; logo_width=\u00a0\u00bb12%\u00a0\u00bb menu_icon_color=\u00a0\u00bb#FFFFFF\u00a0\u00bb _builder_version=\u00a0\u00bb4.27.4&Prime; _module_preset=\u00a0\u00bbdefault\u00a0\u00bb menu_font=\u00a0\u00bb|600||on|||||\u00a0\u00bb menu_text_color=\u00a0\u00bb#000000&Prime; menu_font_size=\u00a0\u00bb11px\u00a0\u00bb menu_letter_spacing=\u00a0\u00bb4px\u00a0\u00bb background_color=\u00a0\u00bbRGBA(255,255,255,0)\u00a0\u00bb text_orientation=\u00a0\u00bbright\u00a0\u00bb custom_margin=\u00a0\u00bb20px||||false|false\u00a0\u00bb child_filter_invert=\u00a0\u00bb100%\u00a0\u00bb global_colors_info=\u00a0\u00bb{}\u00a0\u00bb menu_text_color__hover_enabled=\u00a0\u00bbon|desktop\u00a0\u00bb menu_text_color__hover=\u00a0\u00bb#7CDA24&Prime;][\/et_pb_menu][\/et_pb_column][\/et_pb_row][et_pb_row disabled_on=\u00a0\u00bboff|off|on\u00a0\u00bb _builder_version=\u00a0\u00bb4.27.2&Prime; _module_preset=\u00a0\u00bbdefault\u00a0\u00bb z_index=\u00a0\u00bb33&Prime; max_width=\u00a0\u00bb2560px\u00a0\u00bb custom_margin=\u00a0\u00bb0px||0px||false|false\u00a0\u00bb custom_padding=\u00a0\u00bb0px||0px||false|false\u00a0\u00bb locked=\u00a0\u00bboff\u00a0\u00bb global_colors_info=\u00a0\u00bb{}\u00a0\u00bb][et_pb_column type=\u00a0\u00bb4_4&Prime; _builder_version=\u00a0\u00bb4.27.2&Prime; _module_preset=\u00a0\u00bbdefault\u00a0\u00bb global_colors_info=\u00a0\u00bb{}\u00a0\u00bb][et_pb_menu active_link_color=\u00a0\u00bb#000000&Prime; dropdown_menu_bg_color=\u00a0\u00bb#FFFFFF\u00a0\u00bb dropdown_menu_line_color=\u00a0\u00bb#000000&Prime; dropdown_menu_text_color=\u00a0\u00bb#000000&Prime; dropdown_menu_active_link_color=\u00a0\u00bb#7CDA24&Prime; mobile_menu_bg_color=\u00a0\u00bb#FFFFFF\u00a0\u00bb mobile_menu_text_color=\u00a0\u00bb#000000&Prime; logo=\u00a0\u00bbhttps:\/\/cookandlift.ch\/wp-content\/uploads\/2024\/10\/Coaching.png\u00a0\u00bb logo_url=\u00a0\u00bb@ET-DC@eyJkeW5hbWljIjp0cnVlLCJjb250ZW50IjoiaG9tZV91cmwiLCJzZXR0aW5ncyI6e319@\u00a0\u00bb logo_width=\u00a0\u00bb33%\u00a0\u00bb menu_icon_color=\u00a0\u00bb#000000&Prime; _builder_version=\u00a0\u00bb4.27.2&Prime; _dynamic_attributes=\u00a0\u00bblogo_url\u00a0\u00bb _module_preset=\u00a0\u00bbdefault\u00a0\u00bb menu_font=\u00a0\u00bb|||on|||||\u00a0\u00bb menu_text_color=\u00a0\u00bb#000000&Prime; menu_font_size=\u00a0\u00bb11px\u00a0\u00bb menu_letter_spacing=\u00a0\u00bb4px\u00a0\u00bb background_color=\u00a0\u00bbRGBA(255,255,255,0)\u00a0\u00bb z_index=\u00a0\u00bb33&Prime; text_orientation=\u00a0\u00bbright\u00a0\u00bb custom_margin=\u00a0\u00bb10px||||false|false\u00a0\u00bb border_width_all_image=\u00a0\u00bb0px\u00a0\u00bb border_color_all_image=\u00a0\u00bb#E02B20&Prime; global_colors_info=\u00a0\u00bb{}\u00a0\u00bb menu_text_color__hover_enabled=\u00a0\u00bbon|desktop\u00a0\u00bb menu_text_color__hover=\u00a0\u00bb#7CDA24&Prime;][\/et_pb_menu][\/et_pb_column][\/et_pb_row][\/et_pb_section][et_pb_section fb_built=\u00a0\u00bb1&Prime; _builder_version=\u00a0\u00bb4.27.2&Prime; _module_preset=\u00a0\u00bbdefault\u00a0\u00bb background_color=\u00a0\u00bbRGBA(255,255,255,0)\u00a0\u00bb custom_margin=\u00a0\u00bb0px||0px||false|false\u00a0\u00bb custom_padding=\u00a0\u00bb0px||0px||false|false\u00a0\u00bb locked=\u00a0\u00bboff\u00a0\u00bb global_colors_info=\u00a0\u00bb{}\u00a0\u00bb][et_pb_row column_structure=\u00a0\u00bb1_4,1_2,1_4&Prime; use_custom_gutter=\u00a0\u00bbon\u00a0\u00bb gutter_width=\u00a0\u00bb2&Prime; make_equal=\u00a0\u00bbon\u00a0\u00bb _builder_version=\u00a0\u00bb4.27.2&Prime; _module_preset=\u00a0\u00bbdefault\u00a0\u00bb width=\u00a0\u00bb100%\u00a0\u00bb max_width=\u00a0\u00bb2560px\u00a0\u00bb custom_padding=\u00a0\u00bb||100px|||\u00a0\u00bb global_colors_info=\u00a0\u00bb{}\u00a0\u00bb][et_pb_column type=\u00a0\u00bb1_4&Prime; disabled_on=\u00a0\u00bbon|on|off\u00a0\u00bb _builder_version=\u00a0\u00bb4.27.2&Prime; _module_preset=\u00a0\u00bbdefault\u00a0\u00bb background_image=\u00a0\u00bbhttps:\/\/cookandlift.ch\/wp-content\/uploads\/2024\/10\/thinkpad_2024-10-18_02.jpg\u00a0\u00bb background_size=\u00a0\u00bbinitial\u00a0\u00bb background_position=\u00a0\u00bbtop_right\u00a0\u00bb global_colors_info=\u00a0\u00bb{}\u00a0\u00bb][\/et_pb_column][et_pb_column type=\u00a0\u00bb1_2&Prime; _builder_version=\u00a0\u00bb4.27.2&Prime; _module_preset=\u00a0\u00bbdefault\u00a0\u00bb custom_padding_tablet=\u00a0\u00bb|40px||40px|false|true\u00a0\u00bb custom_padding_phone=\u00a0\u00bb|25px||25px|false|true\u00a0\u00bb custom_padding_last_edited=\u00a0\u00bbon|tablet\u00a0\u00bb global_colors_info=\u00a0\u00bb{}\u00a0\u00bb][et_pb_text _builder_version=\u00a0\u00bb4.27.4&Prime; _module_preset=\u00a0\u00bbdefault\u00a0\u00bb text_line_height=\u00a0\u00bb1.6em\u00a0\u00bb link_font=\u00a0\u00bb|700|||||||\u00a0\u00bb link_text_color=\u00a0\u00bb#000000&Prime; header_2_font=\u00a0\u00bb|700|||||||\u00a0\u00bb header_2_font_size=\u00a0\u00bb48px\u00a0\u00bb header_2_line_height=\u00a0\u00bb1.3em\u00a0\u00bb width=\u00a0\u00bb800px\u00a0\u00bb width_tablet=\u00a0\u00bb670px\u00a0\u00bb width_phone=\u00a0\u00bb100%\u00a0\u00bb width_last_edited=\u00a0\u00bbon|phone\u00a0\u00bb custom_margin=\u00a0\u00bb50px||30px||false|false\u00a0\u00bb custom_margin_tablet=\u00a0\u00bb50px||50px||true|false\u00a0\u00bb custom_margin_phone=\u00a0\u00bb0px||0px||true|false\u00a0\u00bb custom_margin_last_edited=\u00a0\u00bbon|phone\u00a0\u00bb hover_enabled=\u00a0\u00bb0&Prime; header_2_font_size_tablet=\u00a0\u00bb48px\u00a0\u00bb header_2_font_size_phone=\u00a0\u00bb25px\u00a0\u00bb header_2_font_size_last_edited=\u00a0\u00bbon|phone\u00a0\u00bb global_colors_info=\u00a0\u00bb{}\u00a0\u00bb sticky_enabled=\u00a0\u00bb0&Prime;]<\/p>\n<h1 class=\"mb-4 text-3xl font-bold tracking-wide uppercase lg:text-4xl 2xl:text-5xl font-display\">Contactez-moi &#8211; Aubrey Maletka<\/h1>\n<p>Pr\u00eat \u00e0 transformer votre corps, votre assiette et votre posture ? <br \/>Contactez-moi pour une consultation gratuite et d\u00e9couvrez mes programmes personnalis\u00e9s, par mail<span>\u00a0<\/span><a class=\"font-semibold\" href=\"mailto:info@cookandlift.ch\">info@cookandlift.ch<\/a><span>\u00a0<\/span>ou au<span>\u00a0<\/span><a class=\"font-semibold\" href=\"tel:0791367555\">079 136 75 55<\/a>.\u00a0<\/p>\n<div class=\"my-8 xl:my-12\"><picture><source type=\"image\/webp\" srcset=\"\/assets\/images\/5f48716d-480.webp 480w, \/assets\/images\/5f48716d-640.webp 640w, \/assets\/images\/5f48716d-768.webp 768w, \/assets\/images\/5f48716d.webp 1280w, \/assets\/images\/5f48716d.webp 1280w\" sizes=\"(min-width: 1024px) 768px, (min-width: 768px) calc(768px - 2rem), (min-width: 640px) calc(640px - 2rem), (min-width: 480px) calc(480px - 2rem), calc(100vw - 2rem)\" \/><source type=\"image\/jpg\" srcset=\"\/assets\/images\/5f48716d.jpg 1280w, \/assets\/images\/5f48716d.jpg 1280w, \/assets\/images\/5f48716d-768.jpg 768w, \/assets\/images\/5f48716d-640.jpg 640w, \/assets\/images\/5f48716d-480.jpg 480w\" sizes=\"(min-width: 1024px) 768px, (min-width: 768px) calc(768px - 2rem), (min-width: 640px) calc(640px - 2rem), (min-width: 480px) calc(480px - 2rem), calc(100vw - 2rem)\" \/><\/picture><\/div>\n<p>[\/et_pb_text][et_pb_image src=\u00a0\u00bbhttps:\/\/cookandlift.ch\/wp-content\/uploads\/2024\/10\/contact.jpg\u00a0\u00bb alt=\u00a0\u00bbcontact\u00a0\u00bb title_text=\u00a0\u00bbcontact\u00a0\u00bb _builder_version=\u00a0\u00bb4.27.2&Prime; _module_preset=\u00a0\u00bbdefault\u00a0\u00bb width=\u00a0\u00bb90%\u00a0\u00bb width_tablet=\u00a0\u00bb90%\u00a0\u00bb width_phone=\u00a0\u00bb90%\u00a0\u00bb width_last_edited=\u00a0\u00bbon|desktop\u00a0\u00bb global_colors_info=\u00a0\u00bb{}\u00a0\u00bb][\/et_pb_image][\/et_pb_column][et_pb_column type=\u00a0\u00bb1_4&Prime; disabled_on=\u00a0\u00bbon|on|off\u00a0\u00bb _builder_version=\u00a0\u00bb4.27.2&Prime; _module_preset=\u00a0\u00bbdefault\u00a0\u00bb global_colors_info=\u00a0\u00bb{}\u00a0\u00bb][\/et_pb_column][\/et_pb_row][\/et_pb_section]<\/p>\n","protected":false},"excerpt":{"rendered":"<p>Contact Me \u2013 Aubrey Maletka Ready to transform your body, your plate, and your posture? Contact me for a free consultation and discover my personalized programs by emailing info@cookandlift.ch or calling 079 136 75 55.\u00a0<\/p>","protected":false},"author":1,"featured_media":0,"parent":0,"menu_order":90,"comment_status":"closed","ping_status":"closed","template":"","meta":{"_et_pb_use_builder":"on","_et_pb_old_content":"<!-- wp:divi\/placeholder \/-->","_et_gb_content_width":"","footnotes":""},"class_list":["post-22","page","type-page","status-publish","hentry"],"yoast_head":"<!-- This site is optimized with the Yoast SEO plugin v27.5 - https:\/\/yoast.com\/product\/yoast-seo-wordpress\/ -->\n<title>Cook &amp; Lift \u00b7 Coach sportif et nutritionnel \u00e0 Lausanne<\/title>\n<meta name=\"description\" content=\"Cook and Lift, votre coach sportif \u00e0 Lausanne: un entra\u00eenement rigoureux et sur-mesure, accompagn\u00e9 d&#039;un plan nutritionnel adapt\u00e9 \u00e0 vos objectifs.\" \/>\n<meta name=\"robots\" content=\"index, follow, max-snippet:-1, max-image-preview:large, max-video-preview:-1\" \/>\n<link rel=\"canonical\" href=\"https:\/\/cookandlift.ch\/en\/contact\/\" \/>\n<meta property=\"og:locale\" content=\"en_GB\" \/>\n<meta property=\"og:type\" content=\"article\" \/>\n<meta property=\"og:title\" content=\"Cook &amp; Lift \u00b7 Coach sportif et nutritionnel \u00e0 Lausanne\" \/>\n<meta property=\"og:description\" content=\"Cook and Lift, votre coach sportif \u00e0 Lausanne: un entra\u00eenement rigoureux et sur-mesure, accompagn\u00e9 d&#039;un plan nutritionnel adapt\u00e9 \u00e0 vos objectifs.\" \/>\n<meta property=\"og:url\" content=\"https:\/\/cookandlift.ch\/en\/contact\/\" \/>\n<meta property=\"og:site_name\" content=\"Cook And Lift\" \/>\n<meta property=\"article:modified_time\" content=\"2025-11-19T12:04:33+00:00\" \/>\n<meta property=\"og:image\" content=\"https:\/\/cookandlift.ch\/wp-content\/uploads\/2024\/10\/acc.jpg\" \/>\n\t<meta property=\"og:image:width\" content=\"1920\" \/>\n\t<meta property=\"og:image:height\" content=\"1401\" \/>\n\t<meta property=\"og:image:type\" content=\"image\/jpeg\" \/>\n<meta name=\"twitter:card\" content=\"summary_large_image\" \/>\n<meta name=\"twitter:label1\" content=\"Estimated reading time\" \/>\n\t<meta name=\"twitter:data1\" content=\"4 minutes\" \/>\n<script type=\"application\/ld+json\" class=\"yoast-schema-graph\">{\"@context\":\"https:\\\/\\\/schema.org\",\"@graph\":[{\"@type\":\"WebPage\",\"@id\":\"https:\\\/\\\/cookandlift.ch\\\/contact\\\/\",\"url\":\"https:\\\/\\\/cookandlift.ch\\\/contact\\\/\",\"name\":\"Cook & Lift \u00b7 Coach sportif et nutritionnel \u00e0 Lausanne\",\"isPartOf\":{\"@id\":\"https:\\\/\\\/cookandlift.ch\\\/#website\"},\"datePublished\":\"2024-10-18T09:05:53+00:00\",\"dateModified\":\"2025-11-19T12:04:33+00:00\",\"description\":\"Cook and Lift, votre coach sportif \u00e0 Lausanne: un entra\u00eenement rigoureux et sur-mesure, accompagn\u00e9 d'un plan nutritionnel adapt\u00e9 \u00e0 vos objectifs.\",\"breadcrumb\":{\"@id\":\"https:\\\/\\\/cookandlift.ch\\\/contact\\\/#breadcrumb\"},\"inLanguage\":\"en-GB\",\"potentialAction\":[{\"@type\":\"ReadAction\",\"target\":[\"https:\\\/\\\/cookandlift.ch\\\/contact\\\/\"]}]},{\"@type\":\"BreadcrumbList\",\"@id\":\"https:\\\/\\\/cookandlift.ch\\\/contact\\\/#breadcrumb\",\"itemListElement\":[{\"@type\":\"ListItem\",\"position\":1,\"name\":\"Accueil\",\"item\":\"https:\\\/\\\/cookandlift.ch\\\/\"},{\"@type\":\"ListItem\",\"position\":2,\"name\":\"contact\"}]},{\"@type\":\"WebSite\",\"@id\":\"https:\\\/\\\/cookandlift.ch\\\/#website\",\"url\":\"https:\\\/\\\/cookandlift.ch\\\/\",\"name\":\"Cook And Lift\",\"description\":\"Votre coach sportif et nutritionnel\",\"publisher\":{\"@id\":\"https:\\\/\\\/cookandlift.ch\\\/#organization\"},\"alternateName\":\"Cook & Lift Coach sportif et nutritionnel\",\"potentialAction\":[{\"@type\":\"SearchAction\",\"target\":{\"@type\":\"EntryPoint\",\"urlTemplate\":\"https:\\\/\\\/cookandlift.ch\\\/?s={search_term_string}\"},\"query-input\":{\"@type\":\"PropertyValueSpecification\",\"valueRequired\":true,\"valueName\":\"search_term_string\"}}],\"inLanguage\":\"en-GB\"},{\"@type\":\"Organization\",\"@id\":\"https:\\\/\\\/cookandlift.ch\\\/#organization\",\"name\":\"Cook And Lift\",\"alternateName\":\"Cook & Lift Coach sportif et nutritionnel\",\"url\":\"https:\\\/\\\/cookandlift.ch\\\/\",\"logo\":{\"@type\":\"ImageObject\",\"inLanguage\":\"en-GB\",\"@id\":\"https:\\\/\\\/cookandlift.ch\\\/#\\\/schema\\\/logo\\\/image\\\/\",\"url\":\"https:\\\/\\\/cookandlift.ch\\\/wp-content\\\/uploads\\\/2024\\\/10\\\/logo.png\",\"contentUrl\":\"https:\\\/\\\/cookandlift.ch\\\/wp-content\\\/uploads\\\/2024\\\/10\\\/logo.png\",\"width\":891,\"height\":806,\"caption\":\"Cook And Lift\"},\"image\":{\"@id\":\"https:\\\/\\\/cookandlift.ch\\\/#\\\/schema\\\/logo\\\/image\\\/\"}}]}<\/script>\n<!-- \/ Yoast SEO plugin. -->","yoast_head_json":{"title":"Cook &amp; Lift \u00b7 Sports and nutrition coach in Lausanne","description":"Cook and Lift, your sports coach in Lausanne: rigorous, tailor-made training, accompanied by a nutritional plan adapted to your goals.","robots":{"index":"index","follow":"follow","max-snippet":"max-snippet:-1","max-image-preview":"max-image-preview:large","max-video-preview":"max-video-preview:-1"},"canonical":"https:\/\/cookandlift.ch\/en\/contact\/","og_locale":"en_GB","og_type":"article","og_title":"Cook & Lift \u00b7 Coach sportif et nutritionnel \u00e0 Lausanne","og_description":"Cook and Lift, votre coach sportif \u00e0 Lausanne: un entra\u00eenement rigoureux et sur-mesure, accompagn\u00e9 d'un plan nutritionnel adapt\u00e9 \u00e0 vos objectifs.","og_url":"https:\/\/cookandlift.ch\/en\/contact\/","og_site_name":"Cook And Lift","article_modified_time":"2025-11-19T12:04:33+00:00","og_image":[{"width":1920,"height":1401,"url":"https:\/\/cookandlift.ch\/wp-content\/uploads\/2024\/10\/acc.jpg","type":"image\/jpeg"}],"twitter_card":"summary_large_image","twitter_misc":{"Estimated reading time":"4 minutes"},"schema":{"@context":"https:\/\/schema.org","@graph":[{"@type":"WebPage","@id":"https:\/\/cookandlift.ch\/contact\/","url":"https:\/\/cookandlift.ch\/contact\/","name":"Cook &amp; Lift \u00b7 Sports and nutrition coach in Lausanne","isPartOf":{"@id":"https:\/\/cookandlift.ch\/#website"},"datePublished":"2024-10-18T09:05:53+00:00","dateModified":"2025-11-19T12:04:33+00:00","description":"Cook and Lift, your sports coach in Lausanne: rigorous, tailor-made training, accompanied by a nutritional plan adapted to your goals.","breadcrumb":{"@id":"https:\/\/cookandlift.ch\/contact\/#breadcrumb"},"inLanguage":"en-GB","potentialAction":[{"@type":"ReadAction","target":["https:\/\/cookandlift.ch\/contact\/"]}]},{"@type":"BreadcrumbList","@id":"https:\/\/cookandlift.ch\/contact\/#breadcrumb","itemListElement":[{"@type":"ListItem","position":1,"name":"Accueil","item":"https:\/\/cookandlift.ch\/"},{"@type":"ListItem","position":2,"name":"contact"}]},{"@type":"WebSite","@id":"https:\/\/cookandlift.ch\/#website","url":"https:\/\/cookandlift.ch\/","name":"Cook and Lift","description":"Your sports and nutritional coach","publisher":{"@id":"https:\/\/cookandlift.ch\/#organization"},"alternateName":"Cook & Lift Coach sportif et nutritionnel","potentialAction":[{"@type":"SearchAction","target":{"@type":"EntryPoint","urlTemplate":"https:\/\/cookandlift.ch\/?s={search_term_string}"},"query-input":{"@type":"PropertyValueSpecification","valueRequired":true,"valueName":"search_term_string"}}],"inLanguage":"en-GB"},{"@type":"Organization","@id":"https:\/\/cookandlift.ch\/#organization","name":"Cook and Lift","alternateName":"Cook & Lift Coach sportif et nutritionnel","url":"https:\/\/cookandlift.ch\/","logo":{"@type":"ImageObject","inLanguage":"en-GB","@id":"https:\/\/cookandlift.ch\/#\/schema\/logo\/image\/","url":"https:\/\/cookandlift.ch\/wp-content\/uploads\/2024\/10\/logo.png","contentUrl":"https:\/\/cookandlift.ch\/wp-content\/uploads\/2024\/10\/logo.png","width":891,"height":806,"caption":"Cook And Lift"},"image":{"@id":"https:\/\/cookandlift.ch\/#\/schema\/logo\/image\/"}}]}},"_links":{"self":[{"href":"https:\/\/cookandlift.ch\/en\/wp-json\/wp\/v2\/pages\/22","targetHints":{"allow":["GET"]}}],"collection":[{"href":"https:\/\/cookandlift.ch\/en\/wp-json\/wp\/v2\/pages"}],"about":[{"href":"https:\/\/cookandlift.ch\/en\/wp-json\/wp\/v2\/types\/page"}],"author":[{"embeddable":true,"href":"https:\/\/cookandlift.ch\/en\/wp-json\/wp\/v2\/users\/1"}],"replies":[{"embeddable":true,"href":"https:\/\/cookandlift.ch\/en\/wp-json\/wp\/v2\/comments?post=22"}],"version-history":[{"count":6,"href":"https:\/\/cookandlift.ch\/en\/wp-json\/wp\/v2\/pages\/22\/revisions"}],"predecessor-version":[{"id":458,"href":"https:\/\/cookandlift.ch\/en\/wp-json\/wp\/v2\/pages\/22\/revisions\/458"}],"wp:attachment":[{"href":"https:\/\/cookandlift.ch\/en\/wp-json\/wp\/v2\/media?parent=22"}],"curies":[{"name":"wp","href":"https:\/\/api.w.org\/{rel}","templated":true}]}}