{"id":359,"date":"2025-02-27T01:42:39","date_gmt":"2025-02-27T00:42:39","guid":{"rendered":"https:\/\/cookandlift.provisoire.ch\/?page_id=359"},"modified":"2025-02-27T03:04:51","modified_gmt":"2025-02-27T02:04:51","slug":"actualites","status":"publish","type":"page","link":"https:\/\/cookandlift.ch\/en\/actualites\/","title":{"rendered":"news"},"content":{"rendered":"<p>[et_pb_section fb_built=\u00a0\u00bb1&Prime; disabled_on=\u00a0\u00bboff|off|off\u00a0\u00bb admin_label=\u00a0\u00bbintro-desktop\u00a0\u00bb _builder_version=\u00a0\u00bb4.27.2&Prime; _module_preset=\u00a0\u00bbdefault\u00a0\u00bb background_enable_color=\u00a0\u00bboff\u00a0\u00bb background_enable_image=\u00a0\u00bboff\u00a0\u00bb parallax=\u00a0\u00bbon\u00a0\u00bb background_blend=\u00a0\u00bbmultiply\u00a0\u00bb min_height=\u00a0\u00bb82vh\u00a0\u00bb custom_margin=\u00a0\u00bb0px||0px||false|false\u00a0\u00bb custom_padding=\u00a0\u00bb0px||0px||false|false\u00a0\u00bb global_colors_info=\u00a0\u00bb{}\u00a0\u00bb][et_pb_row column_structure=\u00a0\u00bb1_4,3_4&Prime; disabled_on=\u00a0\u00bbon|on|off\u00a0\u00bb _builder_version=\u00a0\u00bb4.27.2&Prime; _module_preset=\u00a0\u00bbdefault\u00a0\u00bb max_width=\u00a0\u00bb2560px\u00a0\u00bb custom_margin=\u00a0\u00bb0px||0px||false|false\u00a0\u00bb custom_padding=\u00a0\u00bb0px||0px||false|false\u00a0\u00bb locked=\u00a0\u00bboff\u00a0\u00bb global_colors_info=\u00a0\u00bb{}\u00a0\u00bb][et_pb_column type=\u00a0\u00bb1_4&Prime; disabled_on=\u00a0\u00bbon|on|off\u00a0\u00bb _builder_version=\u00a0\u00bb4.27.2&Prime; _module_preset=\u00a0\u00bbdefault\u00a0\u00bb global_colors_info=\u00a0\u00bb{}\u00a0\u00bb][et_pb_image src=\u00a0\u00bbhttps:\/\/cookandlift.ch\/wp-content\/uploads\/2024\/10\/Coaching.png\u00a0\u00bb alt=\u00a0\u00bbCoaching\u00a0\u00bb title_text=\u00a0\u00bbCoaching\u00a0\u00bb url=\u00a0\u00bb@ET-DC@eyJkeW5hbWljIjp0cnVlLCJjb250ZW50IjoiaG9tZV91cmwiLCJzZXR0aW5ncyI6e319@\u00a0\u00bb show_bottom_space=\u00a0\u00bboff\u00a0\u00bb _builder_version=\u00a0\u00bb4.27.2&Prime; _dynamic_attributes=\u00a0\u00bburl\u00a0\u00bb _module_preset=\u00a0\u00bbdefault\u00a0\u00bb width=\u00a0\u00bb90%\u00a0\u00bb module_alignment=\u00a0\u00bbleft\u00a0\u00bb custom_margin=\u00a0\u00bb20px||||false|false\u00a0\u00bb custom_padding=\u00a0\u00bb|||1vw|false|false\u00a0\u00bb global_colors_info=\u00a0\u00bb{}\u00a0\u00bb][\/et_pb_image][\/et_pb_column][et_pb_column type=\u00a0\u00bb3_4&Prime; _builder_version=\u00a0\u00bb4.27.2&Prime; _module_preset=\u00a0\u00bbdefault\u00a0\u00bb global_colors_info=\u00a0\u00bb{}\u00a0\u00bb][et_pb_menu active_link_color=\u00a0\u00bb#7CDA24&Prime; dropdown_menu_bg_color=\u00a0\u00bbrgba(0,0,0,0.06)\u00a0\u00bb dropdown_menu_line_color=\u00a0\u00bb#7CDA24&Prime; logo_width=\u00a0\u00bb12%\u00a0\u00bb menu_icon_color=\u00a0\u00bb#FFFFFF\u00a0\u00bb _builder_version=\u00a0\u00bb4.27.4&Prime; _module_preset=\u00a0\u00bbdefault\u00a0\u00bb menu_font=\u00a0\u00bb|600||on|||||\u00a0\u00bb menu_text_color=\u00a0\u00bb#000000&Prime; menu_font_size=\u00a0\u00bb11px\u00a0\u00bb menu_letter_spacing=\u00a0\u00bb4px\u00a0\u00bb background_color=\u00a0\u00bbRGBA(255,255,255,0)\u00a0\u00bb text_orientation=\u00a0\u00bbright\u00a0\u00bb custom_margin=\u00a0\u00bb20px||||false|false\u00a0\u00bb child_filter_invert=\u00a0\u00bb100%\u00a0\u00bb global_colors_info=\u00a0\u00bb{}\u00a0\u00bb menu_text_color__hover_enabled=\u00a0\u00bbon|desktop\u00a0\u00bb menu_text_color__hover=\u00a0\u00bb#7CDA24&Prime;][\/et_pb_menu][\/et_pb_column][\/et_pb_row][et_pb_row disabled_on=\u00a0\u00bboff|off|on\u00a0\u00bb _builder_version=\u00a0\u00bb4.27.2&Prime; _module_preset=\u00a0\u00bbdefault\u00a0\u00bb z_index=\u00a0\u00bb33&Prime; max_width=\u00a0\u00bb2560px\u00a0\u00bb custom_margin=\u00a0\u00bb0px||0px||false|false\u00a0\u00bb custom_padding=\u00a0\u00bb0px||0px||false|false\u00a0\u00bb locked=\u00a0\u00bboff\u00a0\u00bb global_colors_info=\u00a0\u00bb{}\u00a0\u00bb][et_pb_column type=\u00a0\u00bb4_4&Prime; _builder_version=\u00a0\u00bb4.27.2&Prime; _module_preset=\u00a0\u00bbdefault\u00a0\u00bb global_colors_info=\u00a0\u00bb{}\u00a0\u00bb][et_pb_menu active_link_color=\u00a0\u00bb#000000&Prime; dropdown_menu_bg_color=\u00a0\u00bb#FFFFFF\u00a0\u00bb dropdown_menu_line_color=\u00a0\u00bb#000000&Prime; dropdown_menu_text_color=\u00a0\u00bb#000000&Prime; dropdown_menu_active_link_color=\u00a0\u00bb#7CDA24&Prime; mobile_menu_bg_color=\u00a0\u00bb#FFFFFF\u00a0\u00bb mobile_menu_text_color=\u00a0\u00bb#000000&Prime; logo=\u00a0\u00bbhttps:\/\/cookandlift.ch\/wp-content\/uploads\/2024\/10\/Coaching.png\u00a0\u00bb logo_url=\u00a0\u00bb@ET-DC@eyJkeW5hbWljIjp0cnVlLCJjb250ZW50IjoiaG9tZV91cmwiLCJzZXR0aW5ncyI6e319@\u00a0\u00bb logo_width=\u00a0\u00bb33%\u00a0\u00bb menu_icon_color=\u00a0\u00bb#000000&Prime; _builder_version=\u00a0\u00bb4.27.2&Prime; _dynamic_attributes=\u00a0\u00bblogo_url\u00a0\u00bb _module_preset=\u00a0\u00bbdefault\u00a0\u00bb menu_font=\u00a0\u00bb|||on|||||\u00a0\u00bb menu_text_color=\u00a0\u00bb#000000&Prime; menu_font_size=\u00a0\u00bb11px\u00a0\u00bb menu_letter_spacing=\u00a0\u00bb4px\u00a0\u00bb background_color=\u00a0\u00bbRGBA(255,255,255,0)\u00a0\u00bb z_index=\u00a0\u00bb33&Prime; text_orientation=\u00a0\u00bbright\u00a0\u00bb custom_margin=\u00a0\u00bb10px||||false|false\u00a0\u00bb border_width_all_image=\u00a0\u00bb0px\u00a0\u00bb border_color_all_image=\u00a0\u00bb#E02B20&Prime; global_colors_info=\u00a0\u00bb{}\u00a0\u00bb menu_text_color__hover_enabled=\u00a0\u00bbon|desktop\u00a0\u00bb menu_text_color__hover=\u00a0\u00bb#7CDA24&Prime;][\/et_pb_menu][\/et_pb_column][\/et_pb_row][et_pb_row _builder_version=\u00a0\u00bb4.27.2&Prime; _module_preset=\u00a0\u00bbdefault\u00a0\u00bb max_width=\u00a0\u00bb2560px\u00a0\u00bb custom_margin=\u00a0\u00bb50px||||false|false\u00a0\u00bb locked=\u00a0\u00bboff\u00a0\u00bb global_colors_info=\u00a0\u00bb{}\u00a0\u00bb][et_pb_column type=\u00a0\u00bb4_4&Prime; _builder_version=\u00a0\u00bb4.27.2&Prime; _module_preset=\u00a0\u00bbdefault\u00a0\u00bb global_colors_info=\u00a0\u00bb{}\u00a0\u00bb][et_pb_divider color=\u00a0\u00bb#7CDA24&Prime; divider_weight=\u00a0\u00bb10px\u00a0\u00bb _builder_version=\u00a0\u00bb4.27.2&Prime; _module_preset=\u00a0\u00bbdefault\u00a0\u00bb width=\u00a0\u00bb8%\u00a0\u00bb width_tablet=\u00a0\u00bb8%\u00a0\u00bb width_phone=\u00a0\u00bb40%\u00a0\u00bb width_last_edited=\u00a0\u00bbon|phone\u00a0\u00bb custom_margin=\u00a0\u00bb||0px||false|false\u00a0\u00bb global_colors_info=\u00a0\u00bb{}\u00a0\u00bb][\/et_pb_divider][et_pb_text _builder_version=\u00a0\u00bb4.27.4&Prime; _module_preset=\u00a0\u00bbdefault\u00a0\u00bb text_font=\u00a0\u00bb|||on|||||\u00a0\u00bb text_font_size=\u00a0\u00bb30px\u00a0\u00bb text_line_height=\u00a0\u00bb1.2em\u00a0\u00bb header_2_text_color=\u00a0\u00bb#000000&Prime; header_3_font_size=\u00a0\u00bb48px\u00a0\u00bb custom_margin=\u00a0\u00bb||11px|||\u00a0\u00bb text_font_size_tablet=\u00a0\u00bb30px\u00a0\u00bb text_font_size_phone=\u00a0\u00bb15px\u00a0\u00bb text_font_size_last_edited=\u00a0\u00bbon|phone\u00a0\u00bb header_3_font_size_tablet=\u00a0\u00bb48px\u00a0\u00bb header_3_font_size_phone=\u00a0\u00bb25px\u00a0\u00bb header_3_font_size_last_edited=\u00a0\u00bbon|phone\u00a0\u00bb global_colors_info=\u00a0\u00bb{}\u00a0\u00bb]<\/p>\n<h3 class=\"mb-4 text-3xl font-bold tracking-wide uppercase lg:text-4xl 2xl:text-5xl font-display\">Info &#8211; news<\/h3>\n<p class=\"mb-8\"><span class=\"text-xl uppercase lg:text-2xl 2xl:text-3xl\">nos articles en lien avec notre m\u00e9thode d&rsquo;entrainement et de coaching nutritionnel<\/span><span class=\"text-xl uppercase lg:text-2xl 2xl:text-3xl\"><\/span><\/p>\n<h6 class=\"mb-8\"><\/h6>\n<p>[\/et_pb_text][\/et_pb_column][\/et_pb_row][et_pb_row use_custom_gutter=\u00a0\u00bbon\u00a0\u00bb gutter_width=\u00a0\u00bb2&Prime; _builder_version=\u00a0\u00bb4.27.2&Prime; _module_preset=\u00a0\u00bbdefault\u00a0\u00bb background_color=\u00a0\u00bbRGBA(255,255,255,0)\u00a0\u00bb max_width=\u00a0\u00bb2560px\u00a0\u00bb custom_margin=\u00a0\u00bb6px||||false|false\u00a0\u00bb custom_margin_tablet=\u00a0\u00bb6px||||false|false\u00a0\u00bb custom_margin_phone=\u00a0\u00bb0px||||false|false\u00a0\u00bb custom_margin_last_edited=\u00a0\u00bbon|phone\u00a0\u00bb custom_padding=\u00a0\u00bb0px||||false|false\u00a0\u00bb global_colors_info=\u00a0\u00bb{}\u00a0\u00bb][et_pb_column type=\u00a0\u00bb4_4&Prime; _builder_version=\u00a0\u00bb4.27.2&Prime; _module_preset=\u00a0\u00bbdefault\u00a0\u00bb z_index=\u00a0\u00bb10&Prime; custom_padding=\u00a0\u00bb30px|30px|30px|30px|true|true\u00a0\u00bb custom_padding_tablet=\u00a0\u00bb30px|30px|30px|30px|true|true\u00a0\u00bb custom_padding_phone=\u00a0\u00bb9px|9px|9px|9px|true|true\u00a0\u00bb custom_padding_last_edited=\u00a0\u00bbon|phone\u00a0\u00bb border_radii=\u00a0\u00bbon|20px|20px|20px|20px\u00a0\u00bb border_width_all=\u00a0\u00bb1px\u00a0\u00bb border_color_all=\u00a0\u00bb#d8d8d8&Prime; global_colors_info=\u00a0\u00bb{}\u00a0\u00bb][et_pb_blog fullwidth=\u00a0\u00bboff\u00a0\u00bb posts_number=\u00a0\u00bb80&Prime; excerpt_length=\u00a0\u00bb100&Prime; show_more=\u00a0\u00bbon\u00a0\u00bb show_author=\u00a0\u00bboff\u00a0\u00bb show_categories=\u00a0\u00bboff\u00a0\u00bb _builder_version=\u00a0\u00bb4.27.4&Prime; _module_preset=\u00a0\u00bbdefault\u00a0\u00bb read_more_font=\u00a0\u00bb||||on||||\u00a0\u00bb read_more_text_color=\u00a0\u00bb#7cda24&Prime; hover_enabled=\u00a0\u00bb0&Prime; global_colors_info=\u00a0\u00bb{}\u00a0\u00bb use_manual_excerpt=\u00a0\u00bboff\u00a0\u00bb show_excerpt=\u00a0\u00bboff\u00a0\u00bb sticky_enabled=\u00a0\u00bb0&Prime;][\/et_pb_blog][\/et_pb_column][\/et_pb_row][\/et_pb_section][et_pb_section fb_built=\u00a0\u00bb1&Prime; _builder_version=\u00a0\u00bb4.27.4&Prime; _module_preset=\u00a0\u00bbdefault\u00a0\u00bb background_color=\u00a0\u00bbrgba(0,0,0,0.63)\u00a0\u00bb background_image=\u00a0\u00bbhttps:\/\/cookandlift.ch\/wp-content\/uploads\/2024\/10\/Coaching-1.webp\u00a0\u00bb background_blend=\u00a0\u00bbmultiply\u00a0\u00bb custom_margin=\u00a0\u00bb0px||0px||false|false\u00a0\u00bb custom_padding=\u00a0\u00bb0px||0px||false|false\u00a0\u00bb hover_enabled=\u00a0\u00bb0&Prime; global_colors_info=\u00a0\u00bb{}\u00a0\u00bb sticky_enabled=\u00a0\u00bb0&Prime;][et_pb_row _builder_version=\u00a0\u00bb4.27.2&Prime; _module_preset=\u00a0\u00bbdefault\u00a0\u00bb width=\u00a0\u00bb90%\u00a0\u00bb max_width=\u00a0\u00bb2560px\u00a0\u00bb global_colors_info=\u00a0\u00bb{}\u00a0\u00bb][et_pb_column type=\u00a0\u00bb4_4&Prime; _builder_version=\u00a0\u00bb4.27.2&Prime; _module_preset=\u00a0\u00bbdefault\u00a0\u00bb global_colors_info=\u00a0\u00bb{}\u00a0\u00bb][et_pb_slider _builder_version=\u00a0\u00bb4.27.2&Prime; _module_preset=\u00a0\u00bbdefault\u00a0\u00bb custom_padding=\u00a0\u00bb170px||170px||true|false\u00a0\u00bb custom_padding_tablet=\u00a0\u00bb170px||170px||true|false\u00a0\u00bb custom_padding_phone=\u00a0\u00bb110px||110px||true|false\u00a0\u00bb custom_padding_last_edited=\u00a0\u00bbon|phone\u00a0\u00bb global_colors_info=\u00a0\u00bb{}\u00a0\u00bb][et_pb_slide heading=\u00a0\u00bbPr\u00eat pour un nouveau d\u00e9part ?\u00a0\u00bb button_text=\u00a0\u00bbContactez-moi\u00a0\u00bb _builder_version=\u00a0\u00bb4.27.2&Prime; _module_preset=\u00a0\u00bbdefault\u00a0\u00bb header_level=\u00a0\u00bbh2&Prime; header_font_size=\u00a0\u00bb48px\u00a0\u00bb header_line_height=\u00a0\u00bb1.2em\u00a0\u00bb body_font_size=\u00a0\u00bb24px\u00a0\u00bb body_line_height=\u00a0\u00bb3.2em\u00a0\u00bb background_color=\u00a0\u00bbRGBA(255,255,255,0)\u00a0\u00bb background_enable_color=\u00a0\u00bbon\u00a0\u00bb custom_button=\u00a0\u00bbon\u00a0\u00bb button_text_size=\u00a0\u00bb18px\u00a0\u00bb button_text_color=\u00a0\u00bb#ffffff\u00a0\u00bb button_bg_color=\u00a0\u00bb#1685ad\u00a0\u00bb button_border_width=\u00a0\u00bb0px\u00a0\u00bb button_font=\u00a0\u00bb|700||on|||||\u00a0\u00bb button_use_icon=\u00a0\u00bbon\u00a0\u00bb button_icon=\u00a0\u00bb&#x24;||divi||400&Prime; button_on_hover=\u00a0\u00bboff\u00a0\u00bb button_custom_margin=\u00a0\u00bb||||false|false\u00a0\u00bb button_custom_padding=\u00a0\u00bb10px|60px|13px|30px|false|false\u00a0\u00bb header_font_size_tablet=\u00a0\u00bb48px\u00a0\u00bb header_font_size_phone=\u00a0\u00bb25px\u00a0\u00bb header_font_size_last_edited=\u00a0\u00bbon|phone\u00a0\u00bb body_font_size_tablet=\u00a0\u00bb24px\u00a0\u00bb body_font_size_phone=\u00a0\u00bb16px\u00a0\u00bb body_font_size_last_edited=\u00a0\u00bbon|phone\u00a0\u00bb body_line_height_tablet=\u00a0\u00bb3.2em\u00a0\u00bb body_line_height_phone=\u00a0\u00bb1.3em\u00a0\u00bb body_line_height_last_edited=\u00a0\u00bbon|phone\u00a0\u00bb box_shadow_style_button=\u00a0\u00bbpreset7&Prime; box_shadow_horizontal_button=\u00a0\u00bb0px\u00a0\u00bb box_shadow_vertical_button=\u00a0\u00bb-3px\u00a0\u00bb global_colors_info=\u00a0\u00bb{}\u00a0\u00bb button_text_color__hover_enabled=\u00a0\u00bbon|desktop\u00a0\u00bb button_text_color__hover=\u00a0\u00bb#000000&Prime; button_bg_color__hover_enabled=\u00a0\u00bbon|hover\u00a0\u00bb button_bg_color__hover=\u00a0\u00bb#b1e71d\u00a0\u00bb button_bg_enable_color__hover=\u00a0\u00bbon\u00a0\u00bb sticky_transition=\u00a0\u00bbon\u00a0\u00bb]<\/p>\n<p><span>Contactez moi pour vos s\u00e9ances d&rsquo;entra\u00eenement et vos cours de cuisine \u00e0 Lausanne<\/span><\/p>\n<p>[\/et_pb_slide][\/et_pb_slider][\/et_pb_column][\/et_pb_row][\/et_pb_section]<\/p>\n","protected":false},"excerpt":{"rendered":"<p>Information \u2013 news \u2013 our articles related to our training and nutritional coaching method. Contact me for your training sessions and cooking classes in Lausanne.<\/p>","protected":false},"author":1,"featured_media":0,"parent":0,"menu_order":80,"comment_status":"closed","ping_status":"closed","template":"","meta":{"_et_pb_use_builder":"on","_et_pb_old_content":"<!-- wp:divi\/placeholder \/-->","_et_gb_content_width":"","footnotes":""},"class_list":["post-359","page","type-page","status-publish","hentry"],"yoast_head":"<!-- This site is optimized with the Yoast SEO plugin v27.5 - https:\/\/yoast.com\/product\/yoast-seo-wordpress\/ -->\n<title>Cook &amp; Lift \u00b7 Coach sportif et nutritionnel \u00e0 Lausanne<\/title>\n<meta name=\"description\" content=\"Cook and Lift, votre coach sportif \u00e0 Lausanne: un entra\u00eenement rigoureux et sur-mesure, accompagn\u00e9 d&#039;un plan nutritionnel adapt\u00e9 \u00e0 vos objectifs.\" \/>\n<meta name=\"robots\" content=\"index, follow, max-snippet:-1, max-image-preview:large, max-video-preview:-1\" \/>\n<link rel=\"canonical\" href=\"http:\/\/cookandlift.ch\/en\/actualites\/\" \/>\n<meta property=\"og:locale\" content=\"en_GB\" \/>\n<meta property=\"og:type\" content=\"article\" \/>\n<meta property=\"og:title\" content=\"Cook &amp; Lift \u00b7 Coach sportif et nutritionnel \u00e0 Lausanne\" \/>\n<meta property=\"og:description\" content=\"Cook and Lift, votre coach sportif \u00e0 Lausanne: un entra\u00eenement rigoureux et sur-mesure, accompagn\u00e9 d&#039;un plan nutritionnel adapt\u00e9 \u00e0 vos objectifs.\" \/>\n<meta property=\"og:url\" content=\"http:\/\/cookandlift.ch\/en\/actualites\/\" \/>\n<meta property=\"og:site_name\" content=\"Cook And Lift\" \/>\n<meta property=\"article:modified_time\" content=\"2025-02-27T02:04:51+00:00\" \/>\n<meta property=\"og:image\" content=\"https:\/\/cookandlift.ch\/wp-content\/uploads\/2024\/10\/acc.jpg\" \/>\n\t<meta property=\"og:image:width\" content=\"1920\" \/>\n\t<meta property=\"og:image:height\" content=\"1401\" \/>\n\t<meta property=\"og:image:type\" content=\"image\/jpeg\" \/>\n<meta name=\"twitter:card\" content=\"summary_large_image\" \/>\n<script type=\"application\/ld+json\" class=\"yoast-schema-graph\">{\"@context\":\"https:\\\/\\\/schema.org\",\"@graph\":[{\"@type\":\"WebPage\",\"@id\":\"http:\\\/\\\/cookandlift.ch\\\/actualites\\\/\",\"url\":\"http:\\\/\\\/cookandlift.ch\\\/actualites\\\/\",\"name\":\"Cook & Lift \u00b7 Coach sportif et nutritionnel \u00e0 Lausanne\",\"isPartOf\":{\"@id\":\"https:\\\/\\\/cookandlift.ch\\\/#website\"},\"datePublished\":\"2025-02-27T00:42:39+00:00\",\"dateModified\":\"2025-02-27T02:04:51+00:00\",\"description\":\"Cook and Lift, votre coach sportif \u00e0 Lausanne: un entra\u00eenement rigoureux et sur-mesure, accompagn\u00e9 d'un plan nutritionnel adapt\u00e9 \u00e0 vos objectifs.\",\"breadcrumb\":{\"@id\":\"http:\\\/\\\/cookandlift.ch\\\/actualites\\\/#breadcrumb\"},\"inLanguage\":\"en-GB\",\"potentialAction\":[{\"@type\":\"ReadAction\",\"target\":[\"http:\\\/\\\/cookandlift.ch\\\/actualites\\\/\"]}]},{\"@type\":\"BreadcrumbList\",\"@id\":\"http:\\\/\\\/cookandlift.ch\\\/actualites\\\/#breadcrumb\",\"itemListElement\":[{\"@type\":\"ListItem\",\"position\":1,\"name\":\"Accueil\",\"item\":\"https:\\\/\\\/cookandlift.ch\\\/\"},{\"@type\":\"ListItem\",\"position\":2,\"name\":\"actualit\u00e9s\"}]},{\"@type\":\"WebSite\",\"@id\":\"https:\\\/\\\/cookandlift.ch\\\/#website\",\"url\":\"https:\\\/\\\/cookandlift.ch\\\/\",\"name\":\"Cook And Lift\",\"description\":\"Votre coach sportif et nutritionnel\",\"publisher\":{\"@id\":\"https:\\\/\\\/cookandlift.ch\\\/#organization\"},\"alternateName\":\"Cook & Lift Coach sportif et nutritionnel\",\"potentialAction\":[{\"@type\":\"SearchAction\",\"target\":{\"@type\":\"EntryPoint\",\"urlTemplate\":\"https:\\\/\\\/cookandlift.ch\\\/?s={search_term_string}\"},\"query-input\":{\"@type\":\"PropertyValueSpecification\",\"valueRequired\":true,\"valueName\":\"search_term_string\"}}],\"inLanguage\":\"en-GB\"},{\"@type\":\"Organization\",\"@id\":\"https:\\\/\\\/cookandlift.ch\\\/#organization\",\"name\":\"Cook And Lift\",\"alternateName\":\"Cook & Lift Coach sportif et nutritionnel\",\"url\":\"https:\\\/\\\/cookandlift.ch\\\/\",\"logo\":{\"@type\":\"ImageObject\",\"inLanguage\":\"en-GB\",\"@id\":\"https:\\\/\\\/cookandlift.ch\\\/#\\\/schema\\\/logo\\\/image\\\/\",\"url\":\"https:\\\/\\\/cookandlift.ch\\\/wp-content\\\/uploads\\\/2024\\\/10\\\/logo.png\",\"contentUrl\":\"https:\\\/\\\/cookandlift.ch\\\/wp-content\\\/uploads\\\/2024\\\/10\\\/logo.png\",\"width\":891,\"height\":806,\"caption\":\"Cook And Lift\"},\"image\":{\"@id\":\"https:\\\/\\\/cookandlift.ch\\\/#\\\/schema\\\/logo\\\/image\\\/\"}}]}<\/script>\n<!-- \/ Yoast SEO plugin. -->","yoast_head_json":{"title":"Cook &amp; Lift \u00b7 Sports and nutrition coach in Lausanne","description":"Cook and Lift, your sports coach in Lausanne: rigorous, tailor-made training, accompanied by a nutritional plan adapted to your goals.","robots":{"index":"index","follow":"follow","max-snippet":"max-snippet:-1","max-image-preview":"max-image-preview:large","max-video-preview":"max-video-preview:-1"},"canonical":"http:\/\/cookandlift.ch\/en\/actualites\/","og_locale":"en_GB","og_type":"article","og_title":"Cook & Lift \u00b7 Coach sportif et nutritionnel \u00e0 Lausanne","og_description":"Cook and Lift, votre coach sportif \u00e0 Lausanne: un entra\u00eenement rigoureux et sur-mesure, accompagn\u00e9 d'un plan nutritionnel adapt\u00e9 \u00e0 vos objectifs.","og_url":"http:\/\/cookandlift.ch\/en\/actualites\/","og_site_name":"Cook And Lift","article_modified_time":"2025-02-27T02:04:51+00:00","og_image":[{"width":1920,"height":1401,"url":"https:\/\/cookandlift.ch\/wp-content\/uploads\/2024\/10\/acc.jpg","type":"image\/jpeg"}],"twitter_card":"summary_large_image","schema":{"@context":"https:\/\/schema.org","@graph":[{"@type":"WebPage","@id":"http:\/\/cookandlift.ch\/actualites\/","url":"http:\/\/cookandlift.ch\/actualites\/","name":"Cook &amp; Lift \u00b7 Sports and nutrition coach in Lausanne","isPartOf":{"@id":"https:\/\/cookandlift.ch\/#website"},"datePublished":"2025-02-27T00:42:39+00:00","dateModified":"2025-02-27T02:04:51+00:00","description":"Cook and Lift, your sports coach in Lausanne: rigorous, tailor-made training, accompanied by a nutritional plan adapted to your goals.","breadcrumb":{"@id":"http:\/\/cookandlift.ch\/actualites\/#breadcrumb"},"inLanguage":"en-GB","potentialAction":[{"@type":"ReadAction","target":["http:\/\/cookandlift.ch\/actualites\/"]}]},{"@type":"BreadcrumbList","@id":"http:\/\/cookandlift.ch\/actualites\/#breadcrumb","itemListElement":[{"@type":"ListItem","position":1,"name":"Accueil","item":"https:\/\/cookandlift.ch\/"},{"@type":"ListItem","position":2,"name":"actualit\u00e9s"}]},{"@type":"WebSite","@id":"https:\/\/cookandlift.ch\/#website","url":"https:\/\/cookandlift.ch\/","name":"Cook and Lift","description":"Your sports and nutritional coach","publisher":{"@id":"https:\/\/cookandlift.ch\/#organization"},"alternateName":"Cook & Lift Coach sportif et nutritionnel","potentialAction":[{"@type":"SearchAction","target":{"@type":"EntryPoint","urlTemplate":"https:\/\/cookandlift.ch\/?s={search_term_string}"},"query-input":{"@type":"PropertyValueSpecification","valueRequired":true,"valueName":"search_term_string"}}],"inLanguage":"en-GB"},{"@type":"Organization","@id":"https:\/\/cookandlift.ch\/#organization","name":"Cook and Lift","alternateName":"Cook & Lift Coach sportif et nutritionnel","url":"https:\/\/cookandlift.ch\/","logo":{"@type":"ImageObject","inLanguage":"en-GB","@id":"https:\/\/cookandlift.ch\/#\/schema\/logo\/image\/","url":"https:\/\/cookandlift.ch\/wp-content\/uploads\/2024\/10\/logo.png","contentUrl":"https:\/\/cookandlift.ch\/wp-content\/uploads\/2024\/10\/logo.png","width":891,"height":806,"caption":"Cook And Lift"},"image":{"@id":"https:\/\/cookandlift.ch\/#\/schema\/logo\/image\/"}}]}},"_links":{"self":[{"href":"https:\/\/cookandlift.ch\/en\/wp-json\/wp\/v2\/pages\/359","targetHints":{"allow":["GET"]}}],"collection":[{"href":"https:\/\/cookandlift.ch\/en\/wp-json\/wp\/v2\/pages"}],"about":[{"href":"https:\/\/cookandlift.ch\/en\/wp-json\/wp\/v2\/types\/page"}],"author":[{"embeddable":true,"href":"https:\/\/cookandlift.ch\/en\/wp-json\/wp\/v2\/users\/1"}],"replies":[{"embeddable":true,"href":"https:\/\/cookandlift.ch\/en\/wp-json\/wp\/v2\/comments?post=359"}],"version-history":[{"count":4,"href":"https:\/\/cookandlift.ch\/en\/wp-json\/wp\/v2\/pages\/359\/revisions"}],"predecessor-version":[{"id":391,"href":"https:\/\/cookandlift.ch\/en\/wp-json\/wp\/v2\/pages\/359\/revisions\/391"}],"wp:attachment":[{"href":"https:\/\/cookandlift.ch\/en\/wp-json\/wp\/v2\/media?parent=359"}],"curies":[{"name":"wp","href":"https:\/\/api.w.org\/{rel}","templated":true}]}}